{"id":60,"date":"2025-08-15T04:31:50","date_gmt":"2025-08-15T04:31:50","guid":{"rendered":"https:\/\/slategray-trout-832366.hostingersite.com\/?page_id=60"},"modified":"2025-12-20T01:41:08","modified_gmt":"2025-12-20T01:41:08","slug":"recuca","status":"publish","type":"page","link":"https:\/\/recuca.com\/en\/recuca\/","title":{"rendered":"Recuca"},"content":{"rendered":"<div data-elementor-type=\"wp-page\" data-elementor-id=\"60\" class=\"elementor elementor-60\">\n\t\t\t\t<div class=\"elementor-element elementor-element-a36a1eb e-con-full elementor-hidden-mobile e-flex e-con e-parent\" data-id=\"a36a1eb\" data-element_type=\"container\" data-e-type=\"container\" data-settings=\"{&quot;background_background&quot;:&quot;classic&quot;}\">\n\t\t<div class=\"elementor-element elementor-element-81af031 e-con-full e-flex e-con e-child\" data-id=\"81af031\" data-element_type=\"container\" data-e-type=\"container\">\n\t\t\t\t<div class=\"elementor-element elementor-element-3b5731f elementor-icon-list--layout-inline elementor-align-end elementor-list-item-link-full_width elementor-widget elementor-widget-icon-list\" data-id=\"3b5731f\" data-element_type=\"widget\" data-e-type=\"widget\" data-widget_type=\"icon-list.default\">\n\t\t\t\t\t\t\t<ul class=\"elementor-icon-list-items elementor-inline-items\">\n\t\t\t\t\t\t\t<li class=\"elementor-icon-list-item elementor-inline-item\">\n\t\t\t\t\t\t\t\t\t\t\t<a href=\"https:\/\/www.facebook.com\/recucaoficial\/\" target=\"_blank\">\n\n\t\t\t\t\t\t\t\t\t\t\t<span class=\"elementor-icon-list-text\">Facebook<\/span>\n\t\t\t\t\t\t\t\t\t\t\t<\/a>\n\t\t\t\t\t\t\t\t\t<\/li>\n\t\t\t\t\t\t\t\t<li class=\"elementor-icon-list-item elementor-inline-item\">\n\t\t\t\t\t\t\t\t\t\t\t<a href=\"https:\/\/www.instagram.com\/recucaoficial?utm_source=ig_web_button_share_sheet&#038;igsh=ZDNlZDc0MzIxNw==\" target=\"_blank\">\n\n\t\t\t\t\t\t\t\t\t\t\t\t<span class=\"elementor-icon-list-icon\">\n\t\t\t\t\t\t\t<svg aria-hidden=\"true\" class=\"e-font-icon-svg e-fas-circle\" viewbox=\"0 0 512 512\" xmlns=\"http:\/\/www.w3.org\/2000\/svg\"><path d=\"M256 8C119 8 8 119 8 256s111 248 248 248 248-111 248-248S393 8 256 8z\"><\/path><\/svg>\t\t\t\t\t\t<\/span>\n\t\t\t\t\t\t\t\t\t\t<span class=\"elementor-icon-list-text\">Instagram<\/span>\n\t\t\t\t\t\t\t\t\t\t\t<\/a>\n\t\t\t\t\t\t\t\t\t<\/li>\n\t\t\t\t\t\t<\/ul>\n\t\t\t\t\t\t<\/div>\n\t\t\t\t<\/div>\n\t\t\t\t<\/div>\n\t\t<div class=\"elementor-element elementor-element-2de3806 e-con-full e-flex e-con e-parent\" data-id=\"2de3806\" data-element_type=\"container\" data-e-type=\"container\" data-settings=\"{&quot;background_background&quot;:&quot;classic&quot;}\">\n\t\t<div class=\"elementor-element elementor-element-d17d68a e-con-full e-flex e-con e-child\" data-id=\"d17d68a\" data-element_type=\"container\" data-e-type=\"container\">\n\t\t\t\t<div class=\"elementor-element elementor-element-f7004bc elementor-widget elementor-widget-image\" data-id=\"f7004bc\" data-element_type=\"widget\" data-e-type=\"widget\" data-widget_type=\"image.default\">\n\t\t\t\t\t\t\t\t\t\t\t\t\t\t\t<img fetchpriority=\"high\" decoding=\"async\" width=\"800\" height=\"355\" src=\"https:\/\/recuca.com\/wp-content\/uploads\/2025\/08\/Logo-Recuca-1024x455.png\" class=\"attachment-large size-large wp-image-68\" alt=\"\" srcset=\"https:\/\/recuca.com\/wp-content\/uploads\/2025\/08\/Logo-Recuca-1024x455.png 1024w, https:\/\/recuca.com\/wp-content\/uploads\/2025\/08\/Logo-Recuca-300x133.png 300w, https:\/\/recuca.com\/wp-content\/uploads\/2025\/08\/Logo-Recuca-768x341.png 768w, https:\/\/recuca.com\/wp-content\/uploads\/2025\/08\/Logo-Recuca-1536x683.png 1536w, https:\/\/recuca.com\/wp-content\/uploads\/2025\/08\/Logo-Recuca-2048x910.png 2048w, https:\/\/recuca.com\/wp-content\/uploads\/2025\/08\/Logo-Recuca-600x267.png 600w\" sizes=\"(max-width: 800px) 100vw, 800px\" \/>\t\t\t\t\t\t\t\t\t\t\t\t\t\t\t<\/div>\n\t\t\t\t<\/div>\n\t\t<div class=\"elementor-element elementor-element-c9ad926 e-con-full e-flex e-con e-child\" data-id=\"c9ad926\" data-element_type=\"container\" data-e-type=\"container\">\n\t\t\t\t<div class=\"elementor-element elementor-element-ff48e0e elementor-widget elementor-widget-nav-menu\" data-id=\"ff48e0e\" data-element_type=\"widget\" data-e-type=\"widget\" data-widget_type=\"nav-menu.default\">\n\t\t\t\t<div class=\"elementor-widget-container\">\n\t\t\t\t\t \t\t\t\t<\/div>\n\t\t\t\t<\/div>\n\t\t\t\t<\/div>\n\t\t<div class=\"elementor-element elementor-element-9eeae25 e-con-full elementor-hidden-mobile e-flex e-con e-child\" data-id=\"9eeae25\" data-element_type=\"container\" data-e-type=\"container\">\n\t\t\t\t<div class=\"elementor-element elementor-element-2e09715 elementor-align-center elementor-widget elementor-widget-button\" data-id=\"2e09715\" data-element_type=\"widget\" data-e-type=\"widget\" data-widget_type=\"button.default\">\n\t\t\t\t\t\t\t\t\t\t<a class=\"elementor-button elementor-button-link elementor-size-sm\" href=\"https:\/\/www.parquerecuca.triviantes.com\" target=\"_blank\">\n\t\t\t\t\t\t<span class=\"elementor-button-content-wrapper\">\n\t\t\t\t\t\t\t\t\t<span class=\"elementor-button-text\">Passports<\/span>\n\t\t\t\t\t<\/span>\n\t\t\t\t\t<\/a>\n\t\t\t\t\t\t\t\t<\/div>\n\t\t\t\t<\/div>\n\t\t\t\t<\/div>\n\t\t\t\t<section class=\"elementor-section elementor-top-section elementor-element elementor-element-90hhy5s elementor-section-content-bottom elementor-section-full_width elementor-section-height-min-height elementor-section-height-default elementor-section-items-middle\" data-id=\"90hhy5s\" data-element_type=\"section\" data-e-type=\"section\" data-settings=\"{&quot;background_background&quot;:&quot;classic&quot;}\">\n\t\t\t\t\t\t\t<div class=\"elementor-background-overlay\"><\/div>\n\t\t\t\t\t\t\t<div class=\"elementor-container elementor-column-gap-no\">\n\t\t\t\t\t<div class=\"elementor-column elementor-col-100 elementor-top-column elementor-element elementor-element-ca0e8a2\" data-id=\"ca0e8a2\" data-element_type=\"column\" data-e-type=\"column\">\n\t\t\t<div class=\"elementor-widget-wrap\">\n\t\t\t\t\t\t\t<\/div>\n\t\t<\/div>\n\t\t\t\t\t<\/div>\n\t\t<\/section>\n\t\t<div class=\"elementor-element elementor-element-c6bb448 e-con-full e-flex e-con e-parent\" data-id=\"c6bb448\" data-element_type=\"container\" data-e-type=\"container\">\n\t\t\t\t<div class=\"elementor-element elementor-element-7ae1ec4 elementor-widget elementor-widget-spacer\" data-id=\"7ae1ec4\" data-element_type=\"widget\" data-e-type=\"widget\" data-widget_type=\"spacer.default\">\n\t\t\t\t\t\t\t<div class=\"elementor-spacer\">\n\t\t\t<div class=\"elementor-spacer-inner\"><\/div>\n\t\t<\/div>\n\t\t\t\t\t\t<\/div>\n\t\t\t\t<\/div>\n\t\t\t\t<section class=\"elementor-section elementor-top-section elementor-element elementor-element-fppzdl8 elementor-section-boxed elementor-section-height-default elementor-section-height-default\" data-id=\"fppzdl8\" data-element_type=\"section\" data-e-type=\"section\" data-settings=\"{&quot;background_background&quot;:&quot;classic&quot;}\">\n\t\t\t\t\t\t\t<div class=\"elementor-background-overlay\"><\/div>\n\t\t\t\t\t\t\t<div class=\"elementor-container elementor-column-gap-default\">\n\t\t\t\t\t<div class=\"elementor-column elementor-col-100 elementor-top-column elementor-element elementor-element-6620a5f\" data-id=\"6620a5f\" data-element_type=\"column\" data-e-type=\"column\">\n\t\t\t<div class=\"elementor-widget-wrap elementor-element-populated\">\n\t\t\t\t\t\t<div class=\"elementor-element elementor-element-4c78a7a elementor-widget elementor-widget-text-editor\" data-id=\"4c78a7a\" data-element_type=\"widget\" data-e-type=\"widget\" data-widget_type=\"text-editor.default\">\n\t\t\t\t\t\t\t\t\t<p>RECUCA, our name is our reason for being: Tour of the Coffee Culture.<\/p><p>The activities take place on a coffee farm designed and equipped with trails, buildings, and parking, to fulfill our objective and we have fun in a mountaineer way.<\/p><p>We laughed out loud, the most skilled ones become grasshoppers and gatherers, dancing like peasants while we relive the history of coffee.<\/p><p>Grandparents used to say: 'When in Rome, do as the Romans do.'<\/p><p>We take on the role of the coffee grower by actively participating in the cultivation tasks. We harvest the coffee wearing the clothing that the farmers of the region currently use.<\/p><p>In post-harvest, we depulp, dry, thresh, roast, and grind the coffee, just as our coffee-growing ancestors did.<\/p>\t\t\t\t\t\t\t\t<\/div>\n\t\t\t\t<div class=\"elementor-element elementor-element-c357e2d elementor-widget-divider--view-line elementor-widget elementor-widget-divider\" data-id=\"c357e2d\" data-element_type=\"widget\" data-e-type=\"widget\" data-widget_type=\"divider.default\">\n\t\t\t\t\t\t\t<div class=\"elementor-divider\">\n\t\t\t<span class=\"elementor-divider-separator\">\n\t\t\t\t\t\t<\/span>\n\t\t<\/div>\n\t\t\t\t\t\t<\/div>\n\t\t\t\t<div class=\"elementor-element elementor-element-7e4258c elementor-align-center elementor-widget elementor-widget-button\" data-id=\"7e4258c\" data-element_type=\"widget\" data-e-type=\"widget\" data-widget_type=\"button.default\">\n\t\t\t\t\t\t\t\t\t\t<a class=\"elementor-button elementor-button-link elementor-size-sm\" href=\"https:\/\/www.parquerecuca.triviantes.com\" target=\"_blank\">\n\t\t\t\t\t\t<span class=\"elementor-button-content-wrapper\">\n\t\t\t\t\t\t\t\t\t<span class=\"elementor-button-text\">Passports<\/span>\n\t\t\t\t\t<\/span>\n\t\t\t\t\t<\/a>\n\t\t\t\t\t\t\t\t<\/div>\n\t\t\t\t\t<\/div>\n\t\t<\/div>\n\t\t\t\t\t<\/div>\n\t\t<\/section>\n\t\t\t\t<section class=\"elementor-section elementor-top-section elementor-element elementor-element-6507e07 elementor-section-boxed elementor-section-height-default elementor-section-height-default\" data-id=\"6507e07\" data-element_type=\"section\" data-e-type=\"section\" data-settings=\"{&quot;background_background&quot;:&quot;classic&quot;}\">\n\t\t\t\t\t\t\t<div class=\"elementor-background-overlay\"><\/div>\n\t\t\t\t\t\t\t<div class=\"elementor-container elementor-column-gap-default\">\n\t\t\t\t\t<div class=\"elementor-column elementor-col-100 elementor-top-column elementor-element elementor-element-a18512a\" data-id=\"a18512a\" data-element_type=\"column\" data-e-type=\"column\">\n\t\t\t<div class=\"elementor-widget-wrap elementor-element-populated\">\n\t\t\t\t\t\t<section class=\"elementor-section elementor-inner-section elementor-element elementor-element-f87b64d elementor-section-boxed elementor-section-height-default elementor-section-height-default\" data-id=\"f87b64d\" data-element_type=\"section\" data-e-type=\"section\">\n\t\t\t\t\t\t<div class=\"elementor-container elementor-column-gap-default\">\n\t\t\t\t\t<div class=\"elementor-column elementor-col-25 elementor-inner-column elementor-element elementor-element-03f919a\" data-id=\"03f919a\" data-element_type=\"column\" data-e-type=\"column\" data-settings=\"{&quot;background_background&quot;:&quot;classic&quot;}\">\n\t\t\t<div class=\"elementor-widget-wrap elementor-element-populated\">\n\t\t\t\t\t\t<div class=\"elementor-element elementor-element-8ffa0e5 elementor-widget elementor-widget-image\" data-id=\"8ffa0e5\" data-element_type=\"widget\" data-e-type=\"widget\" data-widget_type=\"image.default\">\n\t\t\t\t\t\t\t\t\t\t\t\t\t\t\t<img decoding=\"async\" width=\"282\" height=\"268\" src=\"https:\/\/recuca.com\/wp-content\/uploads\/2025\/11\/logo_rnt.png\" class=\"attachment-full size-full wp-image-237\" alt=\"\" \/>\t\t\t\t\t\t\t\t\t\t\t\t\t\t\t<\/div>\n\t\t\t\t<div class=\"elementor-element elementor-element-7ad0c50 elementor-widget elementor-widget-heading\" data-id=\"7ad0c50\" data-element_type=\"widget\" data-e-type=\"widget\" data-widget_type=\"heading.default\">\n\t\t\t\t\t<h4 class=\"elementor-heading-title elementor-size-default\">Registro #59190<\/h4>\t\t\t\t<\/div>\n\t\t\t\t\t<\/div>\n\t\t<\/div>\n\t\t\t\t<div class=\"elementor-column elementor-col-25 elementor-inner-column elementor-element elementor-element-3d7d913\" data-id=\"3d7d913\" data-element_type=\"column\" data-e-type=\"column\" data-settings=\"{&quot;background_background&quot;:&quot;classic&quot;}\">\n\t\t\t<div class=\"elementor-widget-wrap elementor-element-populated\">\n\t\t\t\t\t\t<div class=\"elementor-element elementor-element-5456b8a elementor-widget elementor-widget-image\" data-id=\"5456b8a\" data-element_type=\"widget\" data-e-type=\"widget\" data-widget_type=\"image.default\">\n\t\t\t\t\t\t\t\t\t\t\t\t\t\t\t<img decoding=\"async\" width=\"2048\" height=\"2048\" src=\"https:\/\/recuca.com\/wp-content\/uploads\/2025\/11\/87186042_2777853008965830_6025430987020697600_n.jpg\" class=\"attachment-full size-full wp-image-239\" alt=\"\" srcset=\"https:\/\/recuca.com\/wp-content\/uploads\/2025\/11\/87186042_2777853008965830_6025430987020697600_n.jpg 2048w, https:\/\/recuca.com\/wp-content\/uploads\/2025\/11\/87186042_2777853008965830_6025430987020697600_n-300x300.jpg 300w, https:\/\/recuca.com\/wp-content\/uploads\/2025\/11\/87186042_2777853008965830_6025430987020697600_n-1024x1024.jpg 1024w, https:\/\/recuca.com\/wp-content\/uploads\/2025\/11\/87186042_2777853008965830_6025430987020697600_n-150x150.jpg 150w, https:\/\/recuca.com\/wp-content\/uploads\/2025\/11\/87186042_2777853008965830_6025430987020697600_n-768x768.jpg 768w, https:\/\/recuca.com\/wp-content\/uploads\/2025\/11\/87186042_2777853008965830_6025430987020697600_n-1536x1536.jpg 1536w, https:\/\/recuca.com\/wp-content\/uploads\/2025\/11\/87186042_2777853008965830_6025430987020697600_n-600x600.jpg 600w, https:\/\/recuca.com\/wp-content\/uploads\/2025\/11\/87186042_2777853008965830_6025430987020697600_n-100x100.jpg 100w\" sizes=\"(max-width: 2048px) 100vw, 2048px\" \/>\t\t\t\t\t\t\t\t\t\t\t\t\t\t\t<\/div>\n\t\t\t\t\t<\/div>\n\t\t<\/div>\n\t\t\t\t<div class=\"elementor-column elementor-col-25 elementor-inner-column elementor-element elementor-element-b599b5c\" data-id=\"b599b5c\" data-element_type=\"column\" data-e-type=\"column\" data-settings=\"{&quot;background_background&quot;:&quot;classic&quot;}\">\n\t\t\t<div class=\"elementor-widget-wrap elementor-element-populated\">\n\t\t\t\t\t\t<div class=\"elementor-element elementor-element-ee02bc4 elementor-widget elementor-widget-spacer\" data-id=\"ee02bc4\" data-element_type=\"widget\" data-e-type=\"widget\" data-widget_type=\"spacer.default\">\n\t\t\t\t\t\t\t<div class=\"elementor-spacer\">\n\t\t\t<div class=\"elementor-spacer-inner\"><\/div>\n\t\t<\/div>\n\t\t\t\t\t\t<\/div>\n\t\t\t\t<div class=\"elementor-element elementor-element-57b57a2 elementor-widget elementor-widget-image\" data-id=\"57b57a2\" data-element_type=\"widget\" data-e-type=\"widget\" data-widget_type=\"image.default\">\n\t\t\t\t\t\t\t\t\t\t\t\t\t\t\t<img loading=\"lazy\" decoding=\"async\" width=\"2560\" height=\"1978\" src=\"https:\/\/recuca.com\/wp-content\/uploads\/2025\/11\/LOGO_MARCA_QUINDIO_CORAZON_DE_COLOMBIA_CONTORNO_IMAGEN-scaled.jpg\" class=\"attachment-full size-full wp-image-240\" alt=\"\" srcset=\"https:\/\/recuca.com\/wp-content\/uploads\/2025\/11\/LOGO_MARCA_QUINDIO_CORAZON_DE_COLOMBIA_CONTORNO_IMAGEN-scaled.jpg 2560w, https:\/\/recuca.com\/wp-content\/uploads\/2025\/11\/LOGO_MARCA_QUINDIO_CORAZON_DE_COLOMBIA_CONTORNO_IMAGEN-300x232.jpg 300w, https:\/\/recuca.com\/wp-content\/uploads\/2025\/11\/LOGO_MARCA_QUINDIO_CORAZON_DE_COLOMBIA_CONTORNO_IMAGEN-1024x791.jpg 1024w, https:\/\/recuca.com\/wp-content\/uploads\/2025\/11\/LOGO_MARCA_QUINDIO_CORAZON_DE_COLOMBIA_CONTORNO_IMAGEN-768x593.jpg 768w, https:\/\/recuca.com\/wp-content\/uploads\/2025\/11\/LOGO_MARCA_QUINDIO_CORAZON_DE_COLOMBIA_CONTORNO_IMAGEN-1536x1187.jpg 1536w, https:\/\/recuca.com\/wp-content\/uploads\/2025\/11\/LOGO_MARCA_QUINDIO_CORAZON_DE_COLOMBIA_CONTORNO_IMAGEN-2048x1583.jpg 2048w, https:\/\/recuca.com\/wp-content\/uploads\/2025\/11\/LOGO_MARCA_QUINDIO_CORAZON_DE_COLOMBIA_CONTORNO_IMAGEN-600x464.jpg 600w\" sizes=\"(max-width: 2560px) 100vw, 2560px\" \/>\t\t\t\t\t\t\t\t\t\t\t\t\t\t\t<\/div>\n\t\t\t\t\t<\/div>\n\t\t<\/div>\n\t\t\t\t<div class=\"elementor-column elementor-col-25 elementor-inner-column elementor-element elementor-element-8cfd4b5\" data-id=\"8cfd4b5\" data-element_type=\"column\" data-e-type=\"column\" data-settings=\"{&quot;background_background&quot;:&quot;classic&quot;}\">\n\t\t\t<div class=\"elementor-widget-wrap elementor-element-populated\">\n\t\t\t\t\t\t<div class=\"elementor-element elementor-element-471c784 elementor-widget elementor-widget-spacer\" data-id=\"471c784\" data-element_type=\"widget\" data-e-type=\"widget\" data-widget_type=\"spacer.default\">\n\t\t\t\t\t\t\t<div class=\"elementor-spacer\">\n\t\t\t<div class=\"elementor-spacer-inner\"><\/div>\n\t\t<\/div>\n\t\t\t\t\t\t<\/div>\n\t\t\t\t<div class=\"elementor-element elementor-element-c17fde0 elementor-widget elementor-widget-image\" data-id=\"c17fde0\" data-element_type=\"widget\" data-e-type=\"widget\" data-widget_type=\"image.default\">\n\t\t\t\t\t\t\t\t\t\t\t\t\t\t\t<img loading=\"lazy\" decoding=\"async\" width=\"2560\" height=\"1152\" src=\"https:\/\/recuca.com\/wp-content\/uploads\/2025\/11\/logo-scaled.png\" class=\"attachment-full size-full wp-image-241\" alt=\"\" srcset=\"https:\/\/recuca.com\/wp-content\/uploads\/2025\/11\/logo-scaled.png 2560w, https:\/\/recuca.com\/wp-content\/uploads\/2025\/11\/logo-300x135.png 300w, https:\/\/recuca.com\/wp-content\/uploads\/2025\/11\/logo-1024x461.png 1024w, https:\/\/recuca.com\/wp-content\/uploads\/2025\/11\/logo-768x345.png 768w, https:\/\/recuca.com\/wp-content\/uploads\/2025\/11\/logo-1536x691.png 1536w, https:\/\/recuca.com\/wp-content\/uploads\/2025\/11\/logo-2048x921.png 2048w, https:\/\/recuca.com\/wp-content\/uploads\/2025\/11\/logo-600x270.png 600w\" sizes=\"(max-width: 2560px) 100vw, 2560px\" \/>\t\t\t\t\t\t\t\t\t\t\t\t\t\t\t<\/div>\n\t\t\t\t\t<\/div>\n\t\t<\/div>\n\t\t\t\t\t<\/div>\n\t\t<\/section>\n\t\t\t\t\t<\/div>\n\t\t<\/div>\n\t\t\t\t\t<\/div>\n\t\t<\/section>\n\t\t<div class=\"elementor-element elementor-element-e0a5a4c e-flex e-con-boxed e-con e-parent\" data-id=\"e0a5a4c\" data-element_type=\"container\" data-e-type=\"container\" data-settings=\"{&quot;background_background&quot;:&quot;classic&quot;}\">\n\t\t\t\t\t<div class=\"e-con-inner\">\n\t\t<div class=\"elementor-element elementor-element-9685a3b e-con-full e-flex e-con e-child\" data-id=\"9685a3b\" data-element_type=\"container\" data-e-type=\"container\">\n\t\t\t\t<div class=\"elementor-element elementor-element-2fe44f4 elementor-widget elementor-widget-animated-headline\" data-id=\"2fe44f4\" data-element_type=\"widget\" data-e-type=\"widget\" data-widget_type=\"animated-headline.default\">\n\t\t\t\t<div class=\"elementor-widget-container\">\n\t\t\t\t\t \t\t\t\t<\/div>\n\t\t\t\t<\/div>\n\t\t\t\t<\/div>\n\t\t<div class=\"elementor-element elementor-element-7582cbd e-con-full e-flex e-con e-child\" data-id=\"7582cbd\" data-element_type=\"container\" data-e-type=\"container\">\n\t\t<div class=\"elementor-element elementor-element-da13c65 e-con-full e-flex elementor-invisible e-con e-child\" data-id=\"da13c65\" data-element_type=\"container\" data-e-type=\"container\" data-settings=\"{&quot;animation&quot;:&quot;fadeIn&quot;,&quot;animation_delay&quot;:400}\">\n\t\t<div class=\"elementor-element elementor-element-53fa452 e-con-full e-flex e-con e-child\" data-id=\"53fa452\" data-element_type=\"container\" data-e-type=\"container\">\n\t\t\t\t<div class=\"elementor-element elementor-element-adaae98 elementor-align-center elementor-widget elementor-widget-button\" data-id=\"adaae98\" data-element_type=\"widget\" data-e-type=\"widget\" data-widget_type=\"button.default\">\n\t\t\t\t\t\t\t\t\t\t<a class=\"elementor-button elementor-button-link elementor-size-sm\" href=\"https:\/\/recuca.com\/wp-content\/uploads\/2025\/11\/POLITICA-TRATAMIENTO-DE-DATOS-RECUCA-PARA-REVISION.pdf\" target=\"_blank\">\n\t\t\t\t\t\t<span class=\"elementor-button-content-wrapper\">\n\t\t\t\t\t\t\t\t\t<span class=\"elementor-button-text\">Policy and data treatment<\/span>\n\t\t\t\t\t<\/span>\n\t\t\t\t\t<\/a>\n\t\t\t\t\t\t\t\t<\/div>\n\t\t\t\t<\/div>\n\t\t\t\t<div class=\"elementor-element elementor-element-85dcc82 elementor-widget elementor-widget-heading\" data-id=\"85dcc82\" data-element_type=\"widget\" data-e-type=\"widget\" data-widget_type=\"heading.default\">\n\t\t\t\t\t<h4 class=\"elementor-heading-title elementor-size-default\">Address:<\/h4>\t\t\t\t<\/div>\n\t\t\t\t<div class=\"elementor-element elementor-element-902d285 elementor-align-start elementor-tablet-align-center elementor-icon-list--layout-traditional elementor-list-item-link-full_width elementor-widget elementor-widget-icon-list\" data-id=\"902d285\" data-element_type=\"widget\" data-e-type=\"widget\" data-widget_type=\"icon-list.default\">\n\t\t\t\t\t\t\t<ul class=\"elementor-icon-list-items\">\n\t\t\t\t\t\t\t<li class=\"elementor-icon-list-item\">\n\t\t\t\t\t\t\t\t\t\t<span class=\"elementor-icon-list-text\">Callelarga Path, municipality of Calarc\u00e1, district of Barcelona. Located 20 minutes from Calarc\u00e1 or Armenia<\/span>\n\t\t\t\t\t\t\t\t\t<\/li>\n\t\t\t\t\t\t<\/ul>\n\t\t\t\t\t\t<\/div>\n\t\t\t\t<div class=\"elementor-element elementor-element-68f43b3 e-grid-align-left e-grid-align-tablet-center elementor-shape-rounded elementor-grid-0 elementor-widget elementor-widget-social-icons\" data-id=\"68f43b3\" data-element_type=\"widget\" data-e-type=\"widget\" data-widget_type=\"social-icons.default\">\n\t\t\t\t\t\t\t<div class=\"elementor-social-icons-wrapper elementor-grid\" role=\"list\">\n\t\t\t\t\t\t\t<span class=\"elementor-grid-item\" role=\"listitem\">\n\t\t\t\t\t<a class=\"elementor-icon elementor-social-icon elementor-social-icon-facebook elementor-repeater-item-6eee7a2\" href=\"https:\/\/www.facebook.com\/recucaoficial\/\" target=\"_blank\">\n\t\t\t\t\t\t<span class=\"elementor-screen-only\">Facebook<\/span>\n\t\t\t\t\t\t<svg aria-hidden=\"true\" class=\"e-font-icon-svg e-fab-facebook\" viewbox=\"0 0 512 512\" xmlns=\"http:\/\/www.w3.org\/2000\/svg\"><path d=\"M504 256C504 119 393 8 256 8S8 119 8 256c0 123.78 90.69 226.38 209.25 245V327.69h-63V256h63v-54.64c0-62.15 37-96.48 93.67-96.48 27.14 0 55.52 4.84 55.52 4.84v61h-31.28c-30.8 0-40.41 19.12-40.41 38.73V256h68.78l-11 71.69h-57.78V501C413.31 482.38 504 379.78 504 256z\"><\/path><\/svg>\t\t\t\t\t<\/a>\n\t\t\t\t<\/span>\n\t\t\t\t\t\t\t<span class=\"elementor-grid-item\" role=\"listitem\">\n\t\t\t\t\t<a class=\"elementor-icon elementor-social-icon elementor-social-icon-instagram elementor-repeater-item-6363ee0\" href=\"https:\/\/www.instagram.com\/recucaoficial?utm_source=ig_web_button_share_sheet&#038;igsh=ZDNlZDc0MzIxNw==\" target=\"_blank\">\n\t\t\t\t\t\t<span class=\"elementor-screen-only\">Instagram<\/span>\n\t\t\t\t\t\t<svg aria-hidden=\"true\" class=\"e-font-icon-svg e-fab-instagram\" viewbox=\"0 0 448 512\" xmlns=\"http:\/\/www.w3.org\/2000\/svg\"><path d=\"M224.1 141c-63.6 0-114.9 51.3-114.9 114.9s51.3 114.9 114.9 114.9S339 319.5 339 255.9 287.7 141 224.1 141zm0 189.6c-41.1 0-74.7-33.5-74.7-74.7s33.5-74.7 74.7-74.7 74.7 33.5 74.7 74.7-33.6 74.7-74.7 74.7zm146.4-194.3c0 14.9-12 26.8-26.8 26.8-14.9 0-26.8-12-26.8-26.8s12-26.8 26.8-26.8 26.8 12 26.8 26.8zm76.1 27.2c-1.7-35.9-9.9-67.7-36.2-93.9-26.2-26.2-58-34.4-93.9-36.2-37-2.1-147.9-2.1-184.9 0-35.8 1.7-67.6 9.9-93.9 36.1s-34.4 58-36.2 93.9c-2.1 37-2.1 147.9 0 184.9 1.7 35.9 9.9 67.7 36.2 93.9s58 34.4 93.9 36.2c37 2.1 147.9 2.1 184.9 0 35.9-1.7 67.7-9.9 93.9-36.2 26.2-26.2 34.4-58 36.2-93.9 2.1-37 2.1-147.8 0-184.8zM398.8 388c-7.8 19.6-22.9 34.7-42.6 42.6-29.5 11.7-99.5 9-132.1 9s-102.7 2.6-132.1-9c-19.6-7.8-34.7-22.9-42.6-42.6-11.7-29.5-9-99.5-9-132.1s-2.6-102.7 9-132.1c7.8-19.6 22.9-34.7 42.6-42.6 29.5-11.7 99.5-9 132.1-9s102.7-2.6 132.1 9c19.6 7.8 34.7 22.9 42.6 42.6 11.7 29.5 9 99.5 9 132.1s2.7 102.7-9 132.1z\"><\/path><\/svg>\t\t\t\t\t<\/a>\n\t\t\t\t<\/span>\n\t\t\t\t\t<\/div>\n\t\t\t\t\t\t<\/div>\n\t\t\t\t<\/div>\n\t\t<div class=\"elementor-element elementor-element-5ec10a2 e-con-full e-flex elementor-invisible e-con e-child\" data-id=\"5ec10a2\" data-element_type=\"container\" data-e-type=\"container\" data-settings=\"{&quot;animation&quot;:&quot;fadeIn&quot;,&quot;animation_delay&quot;:600}\">\n\t\t\t\t<div class=\"elementor-element elementor-element-5732be2 elementor-widget elementor-widget-heading\" data-id=\"5732be2\" data-element_type=\"widget\" data-e-type=\"widget\" data-widget_type=\"heading.default\">\n\t\t\t\t\t<h4 class=\"elementor-heading-title elementor-size-default\">Contact:<\/h4>\t\t\t\t<\/div>\n\t\t\t\t<div class=\"elementor-element elementor-element-e20a895 elementor-widget elementor-widget-heading\" data-id=\"e20a895\" data-element_type=\"widget\" data-e-type=\"widget\" data-widget_type=\"heading.default\">\n\t\t\t\t\t<h2 class=\"elementor-heading-title elementor-size-default\">recucaoficial@gmail.com<\/h2>\t\t\t\t<\/div>\n\t\t\t\t<div class=\"elementor-element elementor-element-61d7b3f elementor-widget elementor-widget-heading\" data-id=\"61d7b3f\" data-element_type=\"widget\" data-e-type=\"widget\" data-widget_type=\"heading.default\">\n\t\t\t\t\t<h2 class=\"elementor-heading-title elementor-size-default\">(+57) 310 830 3779\n<\/h2>\t\t\t\t<\/div>\n\t\t\t\t<\/div>\n\t\t\t\t<\/div>\n\t\t\t\t\t<\/div>\n\t\t\t\t<\/div>\n\t\t\t\t<\/div>","protected":false},"excerpt":{"rendered":"<p>Facebook Instagram Pasaportes RECUCA, nuestro nombre es nuestra raz\u00f3n de ser: Recorrido de la Cultura Cafetera. Las actividades se realizan en una finca cafetera dise\u00f1ada y adecuada con senderos, construcciones y parqueadero, para cumplir nuestro objetivo y nos divertimos a lo monta\u00f1ero. Re\u00edmos a carcajadas, los m\u00e1s aventajados, se vuelven chapoleras y recolectores, bailando a [&hellip;]<\/p>\n","protected":false},"author":1,"featured_media":0,"parent":0,"menu_order":0,"comment_status":"closed","ping_status":"closed","template":"elementor_canvas","meta":{"footnotes":""},"class_list":["post-60","page","type-page","status-publish","hentry"],"_links":{"self":[{"href":"https:\/\/recuca.com\/en\/wp-json\/wp\/v2\/pages\/60","targetHints":{"allow":["GET"]}}],"collection":[{"href":"https:\/\/recuca.com\/en\/wp-json\/wp\/v2\/pages"}],"about":[{"href":"https:\/\/recuca.com\/en\/wp-json\/wp\/v2\/types\/page"}],"author":[{"embeddable":true,"href":"https:\/\/recuca.com\/en\/wp-json\/wp\/v2\/users\/1"}],"replies":[{"embeddable":true,"href":"https:\/\/recuca.com\/en\/wp-json\/wp\/v2\/comments?post=60"}],"version-history":[{"count":7,"href":"https:\/\/recuca.com\/en\/wp-json\/wp\/v2\/pages\/60\/revisions"}],"predecessor-version":[{"id":375,"href":"https:\/\/recuca.com\/en\/wp-json\/wp\/v2\/pages\/60\/revisions\/375"}],"wp:attachment":[{"href":"https:\/\/recuca.com\/en\/wp-json\/wp\/v2\/media?parent=60"}],"curies":[{"name":"wp","href":"https:\/\/api.w.org\/{rel}","templated":true}]}}